{"id":9,"date":"2017-12-03T17:45:25","date_gmt":"2017-12-03T16:45:25","guid":{"rendered":"http:\/\/hope-avocats.com\/?page_id=9"},"modified":"2025-09-12T15:20:57","modified_gmt":"2025-09-12T13:20:57","slug":"cabinet","status":"publish","type":"page","link":"https:\/\/hope-avocats.com\/index.php\/cabinet\/","title":{"rendered":"Cabinet"},"content":{"rendered":"<div class=\"wp-block-image\">\n<figure class=\"alignright size-full is-resized\"><img loading=\"lazy\" decoding=\"async\" width=\"600\" height=\"386\" src=\"http:\/\/hope-avocats.com\/wp-content\/uploads\/2025\/09\/admin-ajax.jpg\" alt=\"\" class=\"wp-image-839\" style=\"width:429px;height:286px\" srcset=\"https:\/\/hope-avocats.com\/wp-content\/uploads\/2025\/09\/admin-ajax.jpg 600w, https:\/\/hope-avocats.com\/wp-content\/uploads\/2025\/09\/admin-ajax-300x193.jpg 300w\" sizes=\"auto, (max-width: 600px) 100vw, 600px\" \/><\/figure>\n<\/div>\n\n\n<p class=\"has-text-align-center\"><\/p>\n\n\n\n<p class=\"has-text-align-center\"><strong>Trois piliers portent HOPE AVOCATS :<\/strong><\/p>\n\n\n\n<ul class=\"wp-block-list\">\n<li><strong>L\u2019INNOVATION&nbsp;: <\/strong>face \u00e0 un monde en constante mutation,<strong> HOPE AVOCATS <\/strong>cherche \u00e0 \u00eatre \u00e0 la pointe des \u00e9volutions juridiques, technologiques et soci\u00e9tales&nbsp;; <\/li>\n\n\n\n<li><strong>L\u2019INTERACTION : HOPE AVOCATS <\/strong>refuse les cloisonnements de la pens\u00e9e. Tout comme le droit doit s\u2019enrichir des autres mati\u00e8res,<strong> HOPE AVOCATS <\/strong>ne se fixe ni limite ni fronti\u00e8re ;<\/li>\n\n\n\n<li><strong>L\u2019INTUITION&nbsp;: HOPE AVOCATS <\/strong>croit aux qualit\u00e9s et comp\u00e9tences de ses clients et partenaires. <strong>HOPE AVOCATS <\/strong>est convaincu que toute relation p\u00e9renne passe par la confiance.<\/li>\n<\/ul>\n\n\n\n<p><strong>BORDEAUX &#8211; PARIS &#8211; MONTREAL<\/strong><\/p>\n\n\n\n<p><strong>HOPE AVOCATS<\/strong> est un cabinet sp\u00e9cialis\u00e9 en droit des \u00e9trangers et de la nationalit\u00e9.<\/p>\n\n\n\n<p>Nous accompagnons nos clients tant dans l&rsquo;urgence du contentieux que dans l&rsquo;anticipation du conseil. <\/p>\n\n\n\n<p>Nous intervenons dans tous les domaines li\u00e9s au droit de l&rsquo;immigration et sur tout le territoire fran\u00e7ais. <\/p>\n\n\n<div class=\"wp-block-image\">\n<figure class=\"alignleft is-resized\"><img decoding=\"async\" src=\"http:\/\/hope-avocats.com\/wp-content\/uploads\/2018\/12\/Hope-Avocats-85.jpg\" alt=\"\" class=\"wp-image-130\" style=\"width:401px;height:267px\"\/><\/figure>\n<\/div>\n\n\n<p class=\"has-text-align-left\"><\/p>\n\n\n\n<p><strong>HOPE AVOCATS<\/strong> se positionne comme une structure dynamique et \u00e0 taille humaine, capable de r\u00e9pondre aux exigences de plus en plus \u00e9lev\u00e9es des clients.<\/p>\n\n\n\n<p class=\"has-text-align-center\"><iframe loading=\"lazy\" title=\"YouTube video player\" src=\"https:\/\/www.youtube.com\/embed\/s0aI8edi7n4\" width=\"560\" height=\"315\" frameborder=\"0\" allowfullscreen=\"allowfullscreen\"><\/iframe><\/p>\n\n\n\n<hr class=\"wp-block-separator has-alpha-channel-opacity\"\/>\n","protected":false},"excerpt":{"rendered":"<p>Trois piliers portent HOPE AVOCATS : BORDEAUX &#8211; PARIS &#8211; MONTREAL HOPE AVOCATS est un cabinet sp\u00e9cialis\u00e9 en droit des \u00e9trangers et de la nationalit\u00e9. Nous accompagnons nos clients tant dans l&rsquo;urgence du contentieux que dans l&rsquo;anticipation du conseil. Nous intervenons dans tous les domaines li\u00e9s au droit de l&rsquo;immigration et sur tout le territoire [&hellip;]<\/p>\n","protected":false},"author":1,"featured_media":190,"parent":0,"menu_order":0,"comment_status":"closed","ping_status":"closed","template":"","meta":{"footnotes":""},"class_list":["post-9","page","type-page","status-publish","has-post-thumbnail","hentry"],"_links":{"self":[{"href":"https:\/\/hope-avocats.com\/index.php\/wp-json\/wp\/v2\/pages\/9","targetHints":{"allow":["GET"]}}],"collection":[{"href":"https:\/\/hope-avocats.com\/index.php\/wp-json\/wp\/v2\/pages"}],"about":[{"href":"https:\/\/hope-avocats.com\/index.php\/wp-json\/wp\/v2\/types\/page"}],"author":[{"embeddable":true,"href":"https:\/\/hope-avocats.com\/index.php\/wp-json\/wp\/v2\/users\/1"}],"replies":[{"embeddable":true,"href":"https:\/\/hope-avocats.com\/index.php\/wp-json\/wp\/v2\/comments?post=9"}],"version-history":[{"count":47,"href":"https:\/\/hope-avocats.com\/index.php\/wp-json\/wp\/v2\/pages\/9\/revisions"}],"predecessor-version":[{"id":903,"href":"https:\/\/hope-avocats.com\/index.php\/wp-json\/wp\/v2\/pages\/9\/revisions\/903"}],"wp:featuredmedia":[{"embeddable":true,"href":"https:\/\/hope-avocats.com\/index.php\/wp-json\/wp\/v2\/media\/190"}],"wp:attachment":[{"href":"https:\/\/hope-avocats.com\/index.php\/wp-json\/wp\/v2\/media?parent=9"}],"curies":[{"name":"wp","href":"https:\/\/api.w.org\/{rel}","templated":true}]}}