{"id":737,"date":"2024-09-17T14:26:15","date_gmt":"2024-09-17T12:26:15","guid":{"rendered":"https:\/\/hope-avocats.com\/?page_id=737"},"modified":"2025-02-12T17:37:28","modified_gmt":"2025-02-12T16:37:28","slug":"exeo-france","status":"publish","type":"page","link":"https:\/\/hope-avocats.com\/index.php\/exeo-france\/","title":{"rendered":"Exeo France"},"content":{"rendered":"\n<p>Les cabinets <strong>HOPE AVOCATS<\/strong>, Avocats \u00e9tablis \u00e0 BORDEAUX et PARIS et <strong>EXEO<\/strong>, Avocats \u00e9tablis \u00e0 MONTREAL et MEXICO ont cr\u00e9e un groupement transnational d&rsquo;avocats d\u00e9nomm\u00e9 <strong>EXEO FRANCE<\/strong>.<\/p>\n\n\n\n<p>Les Avocats membres du groupement travaillent en \u00e9troite collaboration afin de proposer \u00e0 leurs clients respectifs l&rsquo;offre la plus large possible s&rsquo;agissant des solutions d&rsquo;immigration sur leurs territoires d&rsquo;implantation.<\/p>\n\n\n\n<p>N&rsquo;h\u00e9sitez pas \u00e0 consulter le site de nos partenaires d&rsquo;EXEO pour toutes vos questions s&rsquo;agissant de vos projets d&rsquo;expatriation au Canada, au Mexique et aux Etats-Unis : <a href=\"https:\/\/www.exeo.ca\/\">https:\/\/www.exeo.ca\/<\/a><\/p>\n\n\n<div class=\"wp-block-image\">\n<figure class=\"aligncenter size-full\"><img loading=\"lazy\" decoding=\"async\" width=\"169\" height=\"143\" src=\"https:\/\/hope-avocats.com\/wp-content\/uploads\/2025\/02\/Membre-du-groupement.png\" alt=\"\" class=\"wp-image-801\"\/><\/figure>\n<\/div>","protected":false},"excerpt":{"rendered":"<p>Les cabinets HOPE AVOCATS, Avocats \u00e9tablis \u00e0 BORDEAUX et PARIS et EXEO, Avocats \u00e9tablis \u00e0 MONTREAL et MEXICO ont cr\u00e9e un groupement transnational d&rsquo;avocats d\u00e9nomm\u00e9 EXEO FRANCE. Les Avocats membres du groupement travaillent en \u00e9troite collaboration afin de proposer \u00e0 leurs clients respectifs l&rsquo;offre la plus large possible s&rsquo;agissant des solutions d&rsquo;immigration sur leurs territoires [&hellip;]<\/p>\n","protected":false},"author":1,"featured_media":0,"parent":0,"menu_order":0,"comment_status":"closed","ping_status":"closed","template":"","meta":{"footnotes":""},"class_list":["post-737","page","type-page","status-publish","hentry"],"_links":{"self":[{"href":"https:\/\/hope-avocats.com\/index.php\/wp-json\/wp\/v2\/pages\/737","targetHints":{"allow":["GET"]}}],"collection":[{"href":"https:\/\/hope-avocats.com\/index.php\/wp-json\/wp\/v2\/pages"}],"about":[{"href":"https:\/\/hope-avocats.com\/index.php\/wp-json\/wp\/v2\/types\/page"}],"author":[{"embeddable":true,"href":"https:\/\/hope-avocats.com\/index.php\/wp-json\/wp\/v2\/users\/1"}],"replies":[{"embeddable":true,"href":"https:\/\/hope-avocats.com\/index.php\/wp-json\/wp\/v2\/comments?post=737"}],"version-history":[{"count":5,"href":"https:\/\/hope-avocats.com\/index.php\/wp-json\/wp\/v2\/pages\/737\/revisions"}],"predecessor-version":[{"id":802,"href":"https:\/\/hope-avocats.com\/index.php\/wp-json\/wp\/v2\/pages\/737\/revisions\/802"}],"wp:attachment":[{"href":"https:\/\/hope-avocats.com\/index.php\/wp-json\/wp\/v2\/media?parent=737"}],"curies":[{"name":"wp","href":"https:\/\/api.w.org\/{rel}","templated":true}]}}