{"id":14,"date":"2017-12-03T17:45:25","date_gmt":"2017-12-03T16:45:25","guid":{"rendered":"http:\/\/hope-avocats.com\/?page_id=14"},"modified":"2024-09-17T14:18:06","modified_gmt":"2024-09-17T12:18:06","slug":"honoraires","status":"publish","type":"page","link":"https:\/\/hope-avocats.com\/index.php\/honoraires\/","title":{"rendered":"Honoraires"},"content":{"rendered":"\n<p class=\"has-text-align-center\"><\/p>\n\n\n\n<p>L\u2019ouverture d\u2019un dossier donne lieu \u00e0 l\u2019\u00e9tablissement d\u2019une <strong>convention d\u2019honoraires<\/strong> dont les termes ont pr\u00e9alablement \u00e9t\u00e9 discut\u00e9s entre l\u2019avocat et son client. Dans certaines hypoth\u00e8ses, le cabinet accepte d&rsquo;intervenir au titre de l&rsquo;<strong>aide juridictionnelle<\/strong>.<\/p>\n\n\n\n<p class=\"has-text-align-center\"><strong>Le montant de l\u2019honoraire peut \u00eatre calcul\u00e9 :<\/strong><\/p>\n\n\n\n<p>&#8211; En application du <strong>tarif horaire du cabinet qui est de 200 \u20ac HT<\/strong> <strong>soit 240\u20ac TTC<\/strong>&nbsp;;<br> &#8211; En application d\u2019un <strong>forfait<\/strong> d\u00e9termin\u00e9 en amont de toute diligence, sur la base du tarif horaire du cabinet ;<br> &#8211; En application d\u2019un <strong>honoraire de r\u00e9sultat<\/strong> qui compl\u00e8te l\u2019honoraire principal.<\/p>\n\n\n\n<p><strong>Exemples de forfaits : <\/strong><\/p>\n\n\n\n<hr class=\"wp-block-separator has-alpha-channel-opacity\"\/>\n\n\n\n<figure class=\"wp-block-table\"><table><tbody><tr><td><strong>Diligences<\/strong><\/td><td><strong>Prix HT, <\/strong><strong>\u00e0 partir de<\/strong><\/td><td><strong>TTC<\/strong><\/td><\/tr><tr><\/tr><tr><\/tr><tr><\/tr><tr><\/tr><tr><\/tr><tr><\/tr><tr><\/tr><tr><\/tr><tr><\/tr><tr><td>Rendez-vous<\/td><td>75 \u20ac<\/td><td>90 \u20ac<\/td><\/tr><tr><\/tr><tr><\/tr><tr><\/tr><tr><\/tr><tr><\/tr><tr><\/tr><tr><\/tr><tr><\/tr><tr><\/tr><tr><\/tr><tr><\/tr><tr><\/tr><tr><\/tr><tr><\/tr><tr><\/tr><tr><\/tr><tr><\/tr><tr><\/tr><tr><td>Proc\u00e9dure TA OQTF sans d\u00e9lai 48h<\/td><td>1000 \u20ac<br><\/td><td>1200 \u20ac<\/td><\/tr><tr><\/tr><tr><\/tr><tr><\/tr><tr><\/tr><tr><\/tr><tr><\/tr><tr><\/tr><tr><\/tr><tr><\/tr><tr><td>Proc\u00e9dure CAA OQTF sans d\u00e9lai<\/td><td>1000 \u20ac<br><\/td><td>1200 \u20ac<\/td><\/tr><tr><\/tr><tr><\/tr><tr><\/tr><tr><\/tr><tr><\/tr><tr><\/tr><tr><\/tr><tr><\/tr><tr><\/tr><tr><td>Proc\u00e9dure TA arr\u00eat\u00e9 transfert Dublin<\/td><td>1000 \u20ac<br><\/td><td>1200 \u20ac<\/td><\/tr><tr><\/tr><tr><\/tr><tr><\/tr><tr><\/tr><tr><\/tr><tr><\/tr><tr><\/tr><tr><\/tr><tr><\/tr><tr><td>Proc\u00e9dure CAA arr\u00eat\u00e9 transfert Dublin<\/td><td>1000 \u20ac<br><\/td><td>1200 \u20ac<\/td><\/tr><tr><\/tr><tr><\/tr><tr><\/tr><tr><\/tr><tr><\/tr><tr><\/tr><tr><\/tr><tr><\/tr><tr><\/tr><tr><td>Proc\u00e9dure TA OQTF 30 jours<\/td><td>1.200 \u20ac<\/td><td>1.440 \u20ac<\/td><\/tr><tr><\/tr><tr><\/tr><tr><\/tr><tr><\/tr><tr><\/tr><tr><\/tr><tr><\/tr><tr><\/tr><tr><\/tr><tr><td>Proc\u00e9dure CAA OQTF 30 jours<\/td><td>1.200 \u20ac<\/td><td>1.440 \u20ac<\/td><\/tr><tr><\/tr><tr><\/tr><tr><\/tr><tr><\/tr><tr><\/tr><tr><\/tr><tr><\/tr><tr><\/tr><tr><\/tr><tr><td>Proc\u00e9dure TA ou CAA droit des \u00e9trangers sans OQTF<\/td><td>1.500 \u20ac<\/td><td>1.800 \u20ac<\/td><\/tr><tr><\/tr><tr><\/tr><tr><\/tr><tr><\/tr><tr><\/tr><tr><\/tr><tr><\/tr><tr><\/tr><tr><\/tr><tr><td>Proc\u00e9dure TA ou CAA droit public hors s\u00e9jour des \u00e9trangers<\/td><td>Sur devis<\/td><td>Sur devis<\/td><\/tr><tr><\/tr><tr><\/tr><tr><\/tr><tr><\/tr><tr><\/tr><tr><\/tr><tr><\/tr><tr><\/tr><tr><\/tr><tr><td>Proc\u00e9dure TA r\u00e9f\u00e9r\u00e9-mesure utile contentieux des \u00e9trangers (ex. quand absence de d\u00e9livrance d\u2019un r\u00e9c\u00e9piss\u00e9 de demande de titre de s\u00e9jour)<\/td><td>1000 \u20ac<\/td><td>1200 \u20ac<\/td><\/tr><tr><\/tr><tr><\/tr><tr><\/tr><tr><\/tr><tr><\/tr><tr><\/tr><tr><\/tr><tr><\/tr><tr><\/tr><tr><td>Proc\u00e9dure TA r\u00e9f\u00e9r\u00e9-suspension contentieux des \u00e9trangers (ex. pour obtenir une autorisation provisoire de s\u00e9jour le temps d\u2019une proc\u00e9dure de contestation d\u2019un refus de titre de s\u00e9jour sans OQTF)<\/td><td>1000 \u20ac<\/td><td>1200 \u20ac<\/td><\/tr><tr><\/tr><tr><\/tr><tr><\/tr><tr><\/tr><tr><\/tr><tr><\/tr><tr><\/tr><tr><\/tr><tr><\/tr><tr><td>Pr\u00e9paration et accompagnement \u00e0 l\u2019entretien de demande d\u2019asile \u00e0 l\u2019OFPRA<\/td><td>1.200 \u20ac + frais de d\u00e9placement si entretien \u00e0 Paris<\/td><td>1.440 \u20ac + frais de d\u00e9placement si entretien \u00e0 Paris<\/td><\/tr><tr><\/tr><tr><\/tr><tr><\/tr><tr><\/tr><tr><\/tr><tr><\/tr><tr><\/tr><tr><\/tr><tr><\/tr><tr><td>Proc\u00e9dure CNDA contre d\u00e9cision de refus d\u2019asile ou irrecevabilit\u00e9 de la demande d\u2019asile<\/td><td>1.200 \u20ac + frais de d\u00e9placement si audience \u00e0 Paris<\/td><td>1.440 \u20ac + frais de d\u00e9placement si audience \u00e0 Paris<\/td><\/tr><tr><\/tr><tr><\/tr><tr><\/tr><tr><\/tr><tr><\/tr><tr><\/tr><tr><\/tr><tr><\/tr><tr><\/tr><tr><td>Commission du titre de s\u00e9jour<\/td><td>1000 \u20ac + frais de d\u00e9placement<\/td><td>1200 \u20ac + frais de d\u00e9placement<\/td><\/tr><tr><\/tr><tr><\/tr><tr><\/tr><tr><\/tr><tr><\/tr><tr><\/tr><tr><\/tr><tr><\/tr><tr><\/tr><tr><td>Proc\u00e9dure TJ refus\/irrecevabilit\u00e9 nationalit\u00e9 fran\u00e7aise<\/td><td>Sur devis<\/td><td>Sur devis<\/td><\/tr><tr><\/tr><tr><\/tr><tr><\/tr><tr><\/tr><tr><\/tr><tr><\/tr><tr><\/tr><tr><\/tr><tr><\/tr><tr><td>Proc\u00e9dure TA Nantes refus\/irrecevabilit\u00e9 nationalit\u00e9 fran\u00e7aise<\/td><td>1.500 \u20ac + frais de d\u00e9placement<\/td><td>1.800 \u20ac + frais de d\u00e9placement<\/td><\/tr><tr><\/tr><tr><\/tr><tr><\/tr><tr><\/tr><tr><\/tr><tr><\/tr><tr><\/tr><tr><\/tr><tr><\/tr><tr><td>Proc\u00e9dure TA Nantes refus de visa long s\u00e9jour<\/td><td>1.500 \u20ac + frais de d\u00e9placement<\/td><td>1.800 \u20ac + frais de d\u00e9placement<\/td><\/tr><tr><\/tr><tr><\/tr><tr><\/tr><tr><\/tr><tr><\/tr><tr><\/tr><tr><\/tr><tr><\/tr><tr><\/tr><tr><td>Proc\u00e9dure CAA Nantes nationalit\u00e9 ou visa<\/td><td>1.500 \u20ac + frais de d\u00e9placement<\/td><td>1.800 \u20ac + frais de d\u00e9placement<\/td><\/tr><tr><\/tr><tr><\/tr><tr><\/tr><tr><\/tr><tr><\/tr><tr><\/tr><tr><\/tr><tr><\/tr><tr><\/tr><tr><td>Recours gracieux ou hi\u00e9rarchique<\/td><td>1000 \u20ac<\/td><td>1200 \u20ac<\/td><\/tr><tr><\/tr><tr><\/tr><tr><\/tr><tr><\/tr><tr><\/tr><tr><\/tr><tr><\/tr><tr><\/tr><tr><\/tr><tr><td>Demande d\u2019autorisation de travail<\/td><td>Sur devis<\/td><td>Sur devis<\/td><\/tr><tr><\/tr><tr><\/tr><tr><\/tr><tr><\/tr><tr><\/tr><tr><\/tr><tr><\/tr><tr><\/tr><tr><\/tr><tr><td>Demande de titre de s\u00e9jour ou visa<\/td><td>Sur devis<\/td><td>Sur devis<\/td><\/tr><tr><\/tr><tr><\/tr><tr><\/tr><tr><\/tr><tr><\/tr><tr><\/tr><tr><\/tr><tr><\/tr><tr><\/tr><tr><td>Demande de r\u00e9gularisation par le travail (demande d\u2019autorisation de travail + titre de s\u00e9jour ou visa)<\/td><td>Sur devis<\/td><td>Sur devis<\/td><\/tr><tr><td>Demande de nationalit\u00e9 fran\u00e7aise<\/td><td>Sur devis<\/td><td>Sur devis<\/td><\/tr><tr><td>Proc\u00e9dures judiciaires hors droit des \u00e9trangers<\/td><td>Sur devis<\/td><td>Sur devis<\/td><\/tr><\/tbody><\/table><figcaption class=\"wp-element-caption\"><br>TA = Tribunal administratif<br><br><br>CAA = Cour administrative d\u2019appel<br><br><br>CNDA = Cour nationale du droit d\u2019asile<br><br><br>OFPRA = Office fran\u00e7ais de protection des r\u00e9fugi\u00e9s et des apatrides<br><br><br>TJ = Tribunal judiciaire<br><br><br>OQTF = Obligation de quitter le territoire fran\u00e7ais<\/figcaption><\/figure>\n","protected":false},"excerpt":{"rendered":"<p>L\u2019ouverture d\u2019un dossier donne lieu \u00e0 l\u2019\u00e9tablissement d\u2019une convention d\u2019honoraires dont les termes ont pr\u00e9alablement \u00e9t\u00e9 discut\u00e9s entre l\u2019avocat et son client. Dans certaines hypoth\u00e8ses, le cabinet accepte d&rsquo;intervenir au titre de l&rsquo;aide juridictionnelle. Le montant de l\u2019honoraire peut \u00eatre calcul\u00e9 : &#8211; En application du tarif horaire du cabinet qui est de 200 \u20ac [&hellip;]<\/p>\n","protected":false},"author":1,"featured_media":0,"parent":0,"menu_order":0,"comment_status":"closed","ping_status":"closed","template":"","meta":{"footnotes":""},"class_list":["post-14","page","type-page","status-publish","hentry"],"_links":{"self":[{"href":"https:\/\/hope-avocats.com\/index.php\/wp-json\/wp\/v2\/pages\/14","targetHints":{"allow":["GET"]}}],"collection":[{"href":"https:\/\/hope-avocats.com\/index.php\/wp-json\/wp\/v2\/pages"}],"about":[{"href":"https:\/\/hope-avocats.com\/index.php\/wp-json\/wp\/v2\/types\/page"}],"author":[{"embeddable":true,"href":"https:\/\/hope-avocats.com\/index.php\/wp-json\/wp\/v2\/users\/1"}],"replies":[{"embeddable":true,"href":"https:\/\/hope-avocats.com\/index.php\/wp-json\/wp\/v2\/comments?post=14"}],"version-history":[{"count":30,"href":"https:\/\/hope-avocats.com\/index.php\/wp-json\/wp\/v2\/pages\/14\/revisions"}],"predecessor-version":[{"id":736,"href":"https:\/\/hope-avocats.com\/index.php\/wp-json\/wp\/v2\/pages\/14\/revisions\/736"}],"wp:attachment":[{"href":"https:\/\/hope-avocats.com\/index.php\/wp-json\/wp\/v2\/media?parent=14"}],"curies":[{"name":"wp","href":"https:\/\/api.w.org\/{rel}","templated":true}]}}