{"id":12,"date":"2017-12-03T17:45:25","date_gmt":"2017-12-03T16:45:25","guid":{"rendered":"http:\/\/hope-avocats.com\/?page_id=12"},"modified":"2025-09-12T15:18:02","modified_gmt":"2025-09-12T13:18:02","slug":"competences","status":"publish","type":"page","link":"https:\/\/hope-avocats.com\/index.php\/competences\/","title":{"rendered":"Comp\u00e9tences"},"content":{"rendered":"\n<figure class=\"wp-block-image size-full is-resized\"><img loading=\"lazy\" decoding=\"async\" width=\"675\" height=\"295\" src=\"http:\/\/hope-avocats.com\/wp-content\/uploads\/2023\/08\/Capture-de\u0301cran-2023-08-03-a\u0300-12.47.55.png\" alt=\"\" class=\"wp-image-659\" style=\"width:245px;height:auto\" srcset=\"https:\/\/hope-avocats.com\/wp-content\/uploads\/2023\/08\/Capture-de\u0301cran-2023-08-03-a\u0300-12.47.55.png 675w, https:\/\/hope-avocats.com\/wp-content\/uploads\/2023\/08\/Capture-de\u0301cran-2023-08-03-a\u0300-12.47.55-300x131.png 300w\" sizes=\"auto, (max-width: 675px) 100vw, 675px\" \/><\/figure>\n\n\n\n<h1 class=\"wp-block-heading\">Nos domaines d\u2019intervention en droit des \u00e9trangers et de la nationalit\u00e9<\/h1>\n\n\n\n<p>Notre cabinet accompagne depuis plusieurs ann\u00e9es les particuliers et les entreprises dans toutes leurs d\u00e9marches li\u00e9es au <strong>droit des \u00e9trangers et de la nationalit\u00e9<\/strong>.<br>Nous mettons notre expertise juridique au service de vos projets de vie ou de vos besoins professionnels, en vous offrant un accompagnement \u00e0 la fois <strong>rigoureux, humain et personnalis\u00e9<\/strong>.<\/p>\n\n\n\n<p>D\u00e9couvrez ci-dessous nos principaux domaines d\u2019intervention :<\/p>\n\n\n\n<hr class=\"wp-block-separator has-alpha-channel-opacity\"\/>\n\n\n\n<h2 class=\"wp-block-heading\">Visas pour la France<\/h2>\n\n\n\n<p>Demander un visa peut \u00eatre complexe : choix de la bonne proc\u00e9dure, pi\u00e8ces \u00e0 fournir, d\u00e9lais administratifs\u2026<br>Nous vous accompagnons pour tous types de visas (tourisme, visite familiale, \u00e9tudes, emploi, passeport talent, installation en France), de la constitution du dossier jusqu\u2019au suivi devant les autorit\u00e9s consulaires.<br>\n\n\n\n<li><a href=\"https:\/\/hope-avocats.com\/index.php\/visas\/\" data-type=\"page\" data-id=\"876\">\u27a1\ufe0f En savoir plus sur nos comp\u00e9tences en droit de visas<\/a><br><\/li>\n<\/ul>\n<!-- \/wp:post-content -->\n\n<!-- wp:separator -->\n<hr class=\"wp-block-separator has-alpha-channel-opacity\"\/>\n<!-- \/wp:separator -->\n\n<!-- wp:heading -->\n<h2 class=\"wp-block-heading\">Droit au s\u00e9jour<\/h2>\n<!-- \/wp:heading -->\n\n<!-- wp:paragraph -->\n<p>Nous vous aidons \u00e0 s\u00e9curiser votre pr\u00e9sence en France :<\/p>\n<!-- \/wp:paragraph -->\n\n<!-- wp:list -->\n<ul class=\"wp-block-list\"><!-- wp:list-item -->\n<li><strong>Titres de s\u00e9jour<\/strong> (vie priv\u00e9e et familiale, \u00e9tudiant, salari\u00e9, visiteur, retrait\u00e9, passeport talent, etc.),<\/li>\n<!-- \/wp:list-item -->\n\n<!-- wp:list-item -->\n<li><strong>Autorisations de travail<\/strong> pour les salari\u00e9s et employeurs,<\/li>\n<!-- \/wp:list-item -->\n\n<!-- wp:list-item -->\n<li><strong>OQTF (obligations de quitter le territoire)<\/strong> et recours devant le tribunal administratif,<\/li>\n<!-- \/wp:list-item -->\n\n<!-- wp:list-item -->\n<li><strong>Contentieux de la r\u00e9tention administrative<\/strong>,<\/li>\n<!-- \/wp:list-item -->\n\n<!-- wp:list-item -->\n<li><strong>Permis de conduire fran\u00e7ais<\/strong> (\u00e9changes, refus, r\u00e9gularisations).<\/li>\n<!-- \/wp:list-item -->\n\n<!-- wp:list-item -->\n<li><a href=\"https:\/\/hope-avocats.com\/index.php\/sejour\/\" data-type=\"page\" data-id=\"876\">\u27a1\ufe0f En savoir plus sur nos comp\u00e9tences en droit du s\u00e9jour<\/a><br><\/li>\n<!-- \/wp:list-item --><\/ul>\n<!-- \/wp:list -->\n\n<!-- wp:separator -->\n<hr class=\"wp-block-separator has-alpha-channel-opacity\"\/>\n<!-- \/wp:separator -->\n\n<!-- wp:heading -->\n<h2 class=\"wp-block-heading\">Nationalit\u00e9 fran\u00e7aise<\/h2>\n<!-- \/wp:heading -->\n\n<!-- wp:paragraph -->\n<p>Nous accompagnons toutes vos d\u00e9marches li\u00e9es \u00e0 l\u2019acquisition ou la reconnaissance de la nationalit\u00e9 fran\u00e7aise :<\/p>\n<!-- \/wp:paragraph -->\n\n<!-- wp:list -->\n<ul class=\"wp-block-list\"><!-- wp:list-item -->\n<li><strong>Naturalisation par d\u00e9cret<\/strong> : analyse de votre situation, pr\u00e9paration du dossier, conseils pour l\u2019entretien, recours en cas de refus ou d\u2019ajournement,<\/li>\n<!-- \/wp:list-item -->\n\n<!-- wp:list-item -->\n<li><strong>D\u00e9clarations de nationalit\u00e9<\/strong> (mariage avec un Fran\u00e7ais, filiation, r\u00e9int\u00e9gration\u2026),<\/li>\n<!-- \/wp:list-item -->\n\n<!-- wp:list-item -->\n<li><strong>Certificat de nationalit\u00e9 fran\u00e7aise (CNF)<\/strong> : demande, contestation en cas de refus,<\/li>\n<!-- \/wp:list-item -->\n\n<!-- wp:list-item -->\n<li><strong>Contentieux de la nationalit\u00e9<\/strong> : recours devant les juridictions administratives ou judiciaires.<br><\/li>\n\n<!-- wp:list-item -->\n<li><a href=\"https:\/\/hope-avocats.com\/index.php\/nationalite\/\" data-type=\"page\" data-id=\"876\">\u27a1\ufe0f En savoir plus sur nos comp\u00e9tences en droit de la nationalit\u00e9<\/a><br><\/li>\n<!-- \/wp:list-item --><\/ul>\n<!-- \/wp:list-item -->\n\n<!-- wp:separator -->\n<hr class=\"wp-block-separator has-alpha-channel-opacity\"\/>\n<!-- \/wp:separator -->\n\n<!-- wp:heading -->\n<h2 class=\"wp-block-heading\">Droit d\u2019asile<\/h2>\n<!-- \/wp:heading -->\n\n<!-- wp:paragraph -->\n<p>Nous d\u00e9fendons les demandeurs d\u2019asile et leurs proches dans toutes les \u00e9tapes de la proc\u00e9dure :<\/p>\n<!-- \/wp:paragraph -->\n\n<!-- wp:list -->\n<ul class=\"wp-block-list\"><!-- wp:list-item -->\n<li><strong>D\u00e9p\u00f4t de la demande aupr\u00e8s de l\u2019OFPRA<\/strong> : conseils et pr\u00e9paration de votre dossier, indications pour la r\u00e9daction de votre r\u00e9cit, pr\u00e9paration \u00e0 l\u2019entretien,<\/li>\n<!-- \/wp:list-item -->\n\n<!-- wp:list-item -->\n<li><strong>Recours devant la CNDA<\/strong> en cas de rejet, avec r\u00e9daction du m\u00e9moire et assistance \u00e0 l\u2019audience,<\/li>\n<!-- \/wp:list-item -->\n\n<!-- wp:list-item -->\n<li><strong>Contentieux Dublin<\/strong>, <strong>conditions mat\u00e9rielles d\u2019accueil (CMA)<\/strong> et <strong>r\u00e9tention administrative<\/strong>,<\/li>\n<!-- \/wp:list-item -->\n\n<!-- wp:list-item -->\n<li><a href=\"https:\/\/hope-avocats.com\/index.php\/asile\/\" data-type=\"page\" data-id=\"876\">\u27a1\ufe0f En savoir plus sur nos comp\u00e9tences en droit d&rsquo;asile<\/a><br><\/li>\n<!-- \/wp:list-item --><\/ul>\n<!-- \/wp:list -->\n\n<!-- wp:separator -->\n<hr class=\"wp-block-separator has-alpha-channel-opacity\"\/>\n<!-- \/wp:separator -->\n\n<!-- wp:heading -->\n<h2 class=\"wp-block-heading\">Recrutement de salari\u00e9s \u00e9trangers<\/h2>\n<!-- \/wp:heading -->\n\n<!-- wp:paragraph -->\n<p>Nous accompagnons les entreprises, cabinets, associations et employeurs particuliers dans leurs projets de recrutement de talents \u00e9trangers :<\/p>\n<!-- \/wp:paragraph -->\n\n<!-- wp:list -->\n<ul class=\"wp-block-list\"><!-- wp:list-item -->\n<li><strong>Demandes d\u2019autorisations de travail<\/strong>,<\/li>\n<!-- \/wp:list-item -->\n\n<!-- wp:list-item -->\n<li><strong>D\u00e9marches de visa et de s\u00e9jour salari\u00e9 \/ passeport talent<\/strong>,<\/li>\n<!-- \/wp:list-item -->\n\n<!-- wp:list-item -->\n<li><strong>Changements de statut<\/strong> (\u00e9tudiant, visiteur, salari\u00e9\u2026),<\/li>\n<!-- \/wp:list-item -->\n\n<!-- wp:list-item -->\n<li><strong>Renouvellements et suivi<\/strong> des titres pour s\u00e9curiser la situation de vos collaborateurs,<\/li>\n<!-- \/wp:list-item -->\n\n<!-- wp:list-item -->\n<li><strong>Contentieux<\/strong> : recours contre un refus d\u2019autorisation de travail ou de visa, d\u00e9fense en cas de contr\u00f4le ou litige devant l\u2019administration.<\/li>\n<!-- \/wp:list-item --><\/ul>\n<!-- \/wp:list -->\n\n<!-- wp:list-item -->\n<li><a href=\"https:\/\/hope-avocats.com\/index.php\/recrutement-de-salaries-etrangers\/\" data-type=\"page\" data-id=\"876\">\u27a1\ufe0f En savoir plus sur notre accompagnement des entreprises<\/a><br><\/li>\n<!-- \/wp:list-item --><\/ul>\n<!-- \/wp:list -->\n\n<!-- wp:separator -->\n<hr class=\"wp-block-separator has-alpha-channel-opacity\"\/>\n<!-- \/wp:separator -->\n\n<!-- wp:heading -->\n<h2 class=\"wp-block-heading\">Droit europ\u00e9en et international<\/h2>\n<!-- \/wp:heading -->\n\n<!-- wp:paragraph -->\n<p>Le droit de l\u2019Union europ\u00e9enne et la Convention europ\u00e9enne des droits de l\u2019homme (CEDH) offrent des garanties essentielles. Notre cabinet intervient notamment pour :<\/p>\n<!-- \/wp:paragraph -->\n\n<!-- wp:list -->\n<ul class=\"wp-block-list\"><!-- wp:list-item -->\n<li>Les droits li\u00e9s \u00e0 la <strong>libre circulation et installation<\/strong> des citoyens europ\u00e9ens et de leurs familles,<\/li>\n<!-- \/wp:list-item -->\n\n<!-- wp:list-item -->\n<li>Le respect du <strong>droit europ\u00e9en<\/strong> dans les proc\u00e9dures de s\u00e9jour ou de travail,<\/li>\n<!-- \/wp:list-item -->\n\n<!-- wp:list-item -->\n<li>Le d\u00e9p\u00f4t de <strong>recours devant la CEDH<\/strong> en cas d\u2019atteinte \u00e0 vos droits fondamentaux,<\/li>\n<!-- \/wp:list-item -->\n\n<!-- wp:list-item -->\n<li>L\u2019analyse de questions relevant du <strong>droit international public et priv\u00e9<\/strong> (conflits de lois, reconnaissance de d\u00e9cisions \u00e9trang\u00e8res, protection des droits).<\/li>\n<!-- \/wp:list-item --><\/ul>\n<!-- \/wp:list -->\n\n<!-- wp:list-item -->\n<li><a href=\"https:\/\/hope-avocats.com\/index.php\/droit-international-et-europeen\/\" data-type=\"page\" data-id=\"876\">\u27a1\ufe0f En savoir plus sur notre accompagnement en droit international et europ\u00e9en<\/a><br><\/li>\n<!-- \/wp:list-item --><\/ul>\n<!-- \/wp:list -->\n\n<!-- wp:separator -->\n<hr class=\"wp-block-separator has-alpha-channel-opacity\"\/>\n<!-- \/wp:separator -->\n\n<!-- wp:heading -->\n<h2 class=\"wp-block-heading\">Notre engagement<\/h2>\n<!-- \/wp:heading -->\n\n<!-- wp:paragraph -->\n<p>\u00c0 travers chacune de ces interventions, nous avons \u00e0 c\u0153ur de :<\/p>\n<!-- \/wp:paragraph -->\n\n<!-- wp:list -->\n<ul class=\"wp-block-list\"><!-- wp:list-item -->\n<li>D\u00e9fendre vos droits avec <strong>rigueur et d\u00e9termination<\/strong>,<\/li>\n<!-- \/wp:list-item -->\n\n<!-- wp:list-item -->\n<li>Vous proposer un <strong>accompagnement personnalis\u00e9<\/strong>, adapt\u00e9 \u00e0 votre situation,<\/li>\n<!-- \/wp:list-item -->\n\n<!-- wp:list-item -->\n<li>Allier <strong>expertise juridique<\/strong> et <strong>\u00e9coute humaine<\/strong>, pour vous guider avec clart\u00e9 dans des d\u00e9marches souvent complexes.<\/li>\n<!-- \/wp:list-item --><\/ul>\n<!-- \/wp:list -->\n\n<!-- wp:separator -->\n<hr class=\"wp-block-separator has-alpha-channel-opacity\"\/>\n<!-- \/wp:separator -->\n\n<!-- wp:paragraph -->\n<p>\ud83d\udc49 Vous \u00eates un particulier ou une entreprise et vous souhaitez \u00eatre accompagn\u00e9 dans vos d\u00e9marches en mati\u00e8re de <strong>visas, s\u00e9jour, nationalit\u00e9, asile ou droit europ\u00e9en et international<\/strong> ?<br><a href=\"https:\/\/hope-avocats.com\/index.php\/contact\/\" data-type=\"page\" data-id=\"13\">Contactez notre cabinet pour un <strong>premier rendez-vous confidentiel<\/strong>.<\/a><\/p>\n<!-- \/wp:paragraph -->","protected":false},"excerpt":{"rendered":"<p>Nos domaines d\u2019intervention en droit des \u00e9trangers et de la nationalit\u00e9 Notre cabinet accompagne depuis plusieurs ann\u00e9es les particuliers et les entreprises dans toutes leurs d\u00e9marches li\u00e9es au droit des \u00e9trangers et de la nationalit\u00e9.Nous mettons notre expertise juridique au service de vos projets de vie ou de vos besoins professionnels, en vous offrant un [&hellip;]<\/p>\n","protected":false},"author":1,"featured_media":0,"parent":0,"menu_order":0,"comment_status":"closed","ping_status":"closed","template":"","meta":{"footnotes":""},"class_list":["post-12","page","type-page","status-publish","hentry"],"_links":{"self":[{"href":"https:\/\/hope-avocats.com\/index.php\/wp-json\/wp\/v2\/pages\/12","targetHints":{"allow":["GET"]}}],"collection":[{"href":"https:\/\/hope-avocats.com\/index.php\/wp-json\/wp\/v2\/pages"}],"about":[{"href":"https:\/\/hope-avocats.com\/index.php\/wp-json\/wp\/v2\/types\/page"}],"author":[{"embeddable":true,"href":"https:\/\/hope-avocats.com\/index.php\/wp-json\/wp\/v2\/users\/1"}],"replies":[{"embeddable":true,"href":"https:\/\/hope-avocats.com\/index.php\/wp-json\/wp\/v2\/comments?post=12"}],"version-history":[{"count":52,"href":"https:\/\/hope-avocats.com\/index.php\/wp-json\/wp\/v2\/pages\/12\/revisions"}],"predecessor-version":[{"id":901,"href":"https:\/\/hope-avocats.com\/index.php\/wp-json\/wp\/v2\/pages\/12\/revisions\/901"}],"wp:attachment":[{"href":"https:\/\/hope-avocats.com\/index.php\/wp-json\/wp\/v2\/media?parent=12"}],"curies":[{"name":"wp","href":"https:\/\/api.w.org\/{rel}","templated":true}]}}